{"id":7055,"date":"2022-12-08T10:49:01","date_gmt":"2022-12-08T09:49:01","guid":{"rendered":"https:\/\/www.milkmithoney.de\/?page_id=7055"},"modified":"2022-12-08T11:22:21","modified_gmt":"2022-12-08T10:22:21","slug":"datenschutz","status":"publish","type":"page","link":"https:\/\/www.milkmithoney.de\/index.php\/datenschutz\/","title":{"rendered":"Datenschutz"},"content":{"rendered":"\t\t<div data-elementor-type=\"wp-page\" data-elementor-id=\"7055\" class=\"elementor elementor-7055\">\n\t\t\t\t\t\t<section class=\"elementor-section elementor-top-section elementor-element elementor-element-bd06882 elementor-section-boxed elementor-section-height-default elementor-section-height-default qodef-elementor-content-no\" data-id=\"bd06882\" data-element_type=\"section\" data-e-type=\"section\">\n\t\t\t\t\t\t<div class=\"elementor-container elementor-column-gap-default\">\n\t\t\t\t\t<div class=\"elementor-column elementor-col-100 elementor-top-column elementor-element elementor-element-cbc8e8d\" data-id=\"cbc8e8d\" data-element_type=\"column\" data-e-type=\"column\">\n\t\t\t<div class=\"elementor-widget-wrap elementor-element-populated\">\n\t\t\t\t\t\t<div class=\"elementor-element elementor-element-1d19a18 elementor-widget elementor-widget-heading\" data-id=\"1d19a18\" data-element_type=\"widget\" data-e-type=\"widget\" data-widget_type=\"heading.default\">\n\t\t\t\t<div class=\"elementor-widget-container\">\n\t\t\t\t\t<h2 class=\"elementor-heading-title elementor-size-default\">Datenschutzerkl\u00e4rung<\/h2>\t\t\t\t<\/div>\n\t\t\t\t<\/div>\n\t\t\t\t<div class=\"elementor-element elementor-element-20e7bf4 elementor-widget elementor-widget-text-editor\" data-id=\"20e7bf4\" data-element_type=\"widget\" data-e-type=\"widget\" data-widget_type=\"text-editor.default\">\n\t\t\t\t<div class=\"elementor-widget-container\">\n\t\t\t\t\t\t\t\t\t<p>Verantwortlicher im Sinne der Datenschutz-Grundverordnung ist die<\/p><p><strong>Milch mit Honig UG<\/strong> <br \/>Gesetzlicher Vertreter: Herr Cem \u00d6zkan<br \/>Adresse: Treppenstra\u00dfe 20 in 33647 Bielefeld<br \/>E-Mail-Adresse: eis@milkmithoney.de<br \/>Tel.: +49 521 1234567<\/p><p>Mit diesen Datenschutzhinweisen informieren wir Sie (im nachfolgenden Text auch als <strong>\u201eNutzer\u201c<\/strong> oder <strong>\u201ebetroffene Person\u201c<\/strong> angesprochen) \u00fcber unsere Datenverarbeitung im Allgemeinen, im Rahmen eines Aufrufs unserer Website und bei einer Kontaktaufnahme per E-Mail oder Telefon. Ferner informieren wir Sie \u00fcber Ihre Rechte im Hinblick auf die Verarbeitung Ihrer Daten. Begrifflich ist mit \u201eDatenverarbeitung\u201c stets die Verarbeitung personenbezogener Daten gemeint.<\/p><hr \/><p><strong>1. Allgemeine Hinweise zur Datenverarbeitung<\/strong><\/p><p>1.1 Kategorien von personenbezogenen Daten <br \/>Wir verarbeiten folgende Kategorien von personenbezogenen Daten:<br \/>\u2022 Bestandsdaten (z.B. Namen, Adressen, Funktionen, Organisationszugeh\u00f6rigkeit, etc.);<br \/>\u2022 Kontaktdaten (z.B. E-Mail, Telefon-\/Faxnummern, etc.);<br \/>\u2022 Inhaltsdaten (z.B. Texteingaben, Bilddateien, Videos, etc.);<br \/>\u2022 Nutzungsdaten (z.B. Zugriffsdaten);<br \/>\u2022 Meta-\/Kommunikationsdaten (z.B. IP-Adressen).<\/p><p><strong>1.2 Empf\u00e4nger bzw. Kategorien von Empf\u00e4ngern von personenbezogener Daten<\/strong> <br \/>Sofern wir im Rahmen unserer Verarbeitung Daten von anderen Personen und Unternehmen wie Webhostern, Auftragsverarbeitern oder Dritten offenbaren, sie an diese \u00fcbermitteln oder ihnen sonst Zugriff auf die Daten gew\u00e4hren, erfolgt dies auf Grundlage einer gesetzlichen Erlaubnis (z.B. wenn eine \u00dcbermittlung der Daten an Dritte gem. Art. 6 Abs. 1 lit. b DS-GVO zur Vertragserf\u00fcllung erforderlich ist), wenn die Betroffenen eingewilligt haben oder eine rechtliche Verpflichtung dies vorsieht.<\/p><p><strong>1.3 Dauer der Speicherung personenbezogener Daten<\/strong> <br \/>Das Kriterium f\u00fcr die Dauer der Speicherung von personenbezogenen Daten ist die jeweilige gesetzliche Aufbewahrungsfrist. Nach Ablauf der Frist werden die entsprechenden Daten gel\u00f6scht, sofern sie nicht mehr zur Zweckerreichung, Vertragserf\u00fcllung oder Vertragsanbahnung erforderlich sind.<\/p><p><strong>1.4 \u00dcbermittlungen in Drittl\u00e4nder<\/strong> <br \/>Sofern wir Daten in einem Drittland (d.h. au\u00dferhalb der Europ\u00e4ischen Union (EU) oder des Europ\u00e4ischen Wirtschaftsraums (EWR)) verarbeiten oder dies im Rahmen der Inanspruchnahme von Diensten Dritter oder Offenlegung bzw. \u00dcbermittlung von Daten an Dritte geschieht, erfolgt dies nur, wenn es zur Erf\u00fcllung unserer (vor-)vertraglichen Pflichten, auf Grundlage Ihrer Einwilligung, aufgrund einer rechtlichen Verpflichtung oder auf Grundlage unserer berechtigten Interessen geschieht. Vorbehaltlich gesetzlicher oder vertraglicher Erlaubnisse, verarbeiten wir oder lassen wir die Daten in einem Drittland nur beim Vorliegen der besonderen Voraussetzungen der Art. 44 ff. DSGVO verarbeiten, d.h. die Verarbeitung erfolgt z.B. auf Grundlage besonderer Garantien, wie der offiziell anerkannten Feststellung eines der EU entsprechenden Datenschutzniveaus oder Beachtung offiziell anerkannter spezieller vertraglicher Verpflichtungen (sogenannte \u201eStandardvertragsklauseln\u201c).<\/p><hr \/><p><strong>2. Datenverarbeitung im Rahmen des Besuchs unserer Website<\/strong><\/p><p>2.1 Protokolldateien <br \/>Bei jedem Zugriff durch eine betroffene Person auf unsere Website werden allgemeine Daten und Informationen in den Logfiles unseres Systems gespeichert:<br \/>\u2022 Datum und Uhrzeit des Abrufs (Zeitstempel);<br \/>\u2022 Anfragedetails und Zieladresse (Protokollversion, HTTP-Methode, Referer, UserAgent-String);<br \/>\u2022 Name der abgerufenen Datei und \u00fcbertragene Datenmenge (angefragte URL inkl. Query-String, Gr\u00f6\u00dfe in Byte);<br \/>\u2022 Meldung, ob der Abruf erfolgreich war (HTTP Status Code).<\/p><p>Bei der Nutzung dieser allgemeinen Daten und Informationen ziehen wir keine R\u00fcckschl\u00fcsse auf die betroffene Person. Es erfolgt keine personenbezogene Auswertung oder eine Auswertung der Daten zu Marketingzwecken oder eine Profilbildung. Die IP-Adresse wird in diesem Zusammenhang nicht gespeichert.<\/p><p>Rechtsgrundlage f\u00fcr die vor\u00fcbergehende Speicherung der Daten ist Art. 6 Abs. 1 lit. f DS-GVO. Die Erfassung der Daten zur Bereitstellung der Website und die Speicherung der Daten in Logfiles ist f\u00fcr den sicheren Betrieb unserer Website zwingend erforderlich. Es besteht folglich seitens der betroffenen Person keine Widerspruchsm\u00f6glichkeit.<\/p><p><strong>2.2 Schadsoftware-Erkennung und Protokolldatenauswertung<\/strong> <br \/>Wir erheben Protokolldaten, die beim Betrieb von Kommunikationstechnik anfallen, und werten diese automatisiert aus, soweit dies zum Erkennen, Eingrenzen oder Beseitigen von St\u00f6rungen oder Fehlern bei der Kommunikationstechnik oder der Abwehr von Angriffen auf unsere Informationstechnik bzw. die Erkennung und die Abwehr von Schadprogrammen erforderlich ist. Rechtsgrundlage f\u00fcr die vor\u00fcbergehende Speicherung und Auswertung der Daten ist Art. 6 Abs. 1 lit. f DS-GVO. Die Speicherung und Auswertung der Daten ist zur Bereitstellung der Website und f\u00fcr deren sicheren Betrieb zwingend erforderlich. Es besteht folglich seitens der betroffenen Person keine Widerspruchsm\u00f6glichkeit.<\/p><p><strong>2.3 Cookies<\/strong> <br \/>Auf unserer Website werden sogenannte Cookies eingesetzt. Cookies sind kleine Textdateien, die zwischen Webbrowser und dem Hosting-Server ausgetauscht werden. Cookies werden auf dem Rechner des Nutzers gespeichert und von diesem an unsere Seite \u00fcbermittelt. In dem jeweils genutzten Webbrowser k\u00f6nnen Sie die Verwendung von Cookies durch eine entsprechende Einstellung einschr\u00e4nken oder grunds\u00e4tzlich verhindern. Bereits gespeicherte Cookies k\u00f6nnen jederzeit gel\u00f6scht werden. Werden Cookies f\u00fcr unsere Website deaktiviert, kann dies dazu f\u00fchren, dass die Website nicht im kompletten Umfang angezeigt oder verwendet werden kann. Die Rechtsgrundlage f\u00fcr die Verarbeitung personenbezogener Daten unter Verwendung von Cookies ist Art. 6 Abs. 1 lit. f DS-GVO.<\/p><p><strong>2.4 Hosting<\/strong> <br \/>Die von uns in Anspruch genommenen Hosting-Leistungen dienen der Zurverf\u00fcgungstellung der folgenden Leistungen: Infrastruktur- und Plattformdienstleistungen, Rechenkapazit\u00e4t, Speicherplatz und Datenbankdienste, Sicherheitsleistungen sowie technische Wartungsleistungen, die wir zum Zwecke des Betriebs unserer Website einsetzen. Hierbei verarbeiten wir bzw. unser Auftragsverarbeiter Bestandsdaten, Kontaktdaten, Inhaltsdaten, Vertragsdaten, Nutzungsdaten, Meta- und Kommunikationsdaten von Nutzern unserer Website auf Grundlage unserer berechtigten Interessen an einer effizienten und sicheren Zurverf\u00fcgungstellung dieses Onlineangebotes gem. Art. 6 Abs. 1 lit. f DS-GVO i.V.m. Art. 28 DS-GVO (Abschluss eines Vertrages zur Auftragsverarbeitung).<\/p><hr \/><p><strong>3. Datenverarbeitung im Rahmen der Kontaktaufnahme<\/strong><\/p><p>3.1 Die Kontaktaufnahme per E-Mail oder Telefon <br \/>Die Kontaktaufnahme mit uns ist \u00fcber die auf unserer Website ver\u00f6ffentlichte E-Mail-Adresse oder Telefonnummer m\u00f6glich.<\/p><p>Soweit Sie diesen Kontaktweg verwenden, werden die von Ihnen \u00fcbermittelten Daten (z.B. Name, Vorname, Anschrift, Telefonnummer), nebst den von Ihnen \u00fcbermittelten ggf. personenbezogenen Daten zum Zwecke der Kontaktaufnahme und Bearbeitung Ihres Anliegens gespeichert. Zudem werden folgende Daten bei der Kontaktaufnahme per E-Mail durch unser System erhoben:<\/p><p>\u2022 IP-Adresse des aufrufenden Rechners;<br \/>\u2022 Datum und Uhrzeit der E-Mail.<\/p><p>Die Rechtsgrundlage f\u00fcr die Verarbeitung personenbezogener Daten im Rahmen uns \u00fcbermittelter E-Mails\/per Telefon ist Art. 6 Abs. 1 lit. b bzw. lit. f DS-GVO.<\/p><p><strong>3.2 Kontaktaufnahme per Brief<\/strong> <br \/>Sofern Sie uns einen Brief \u00fcbermitteln, werden die von Ihnen \u00fcbermittelten Daten (z.B. Name, Vorname, Anschrift) und die im Brief enthaltenen Informationen nebst von Ihnen \u00fcbermittelten ggf. personenbezogenen Daten zum Zwecke der Kontaktaufnahme und Bearbeitung Ihres Anliegens gespeichert. Die Rechtsgrundlage f\u00fcr die Verarbeitung personenbezogener Daten im Rahmen uns \u00fcbermittelter Briefe und Telefaxe ist Art. 6 Abs. 1 lit. b bzw. lit. f DS-GVO.<\/p><p><strong>3.3 Kontaktaufnahme \u00fcber Kontaktformular<\/strong> <br \/>Wenn Sie uns per Kontaktformular Anfragen zukommen lassen, werden Ihre Angaben aus dem Anfrageformular inklusive der von Ihnen dort angegebenen Kontaktdaten zwecks Bearbeitung der Anfrage und f\u00fcr den Fall von Anschlussfragen bei uns gespeichert. Diese Daten geben wir nicht ohne Ihre Einwilligung weiter. Die Rechtsgrundlage f\u00fcr die Verarbeitung personenbezogener Daten im Rahmen uns \u00fcbermittelter Briefe und Telefaxe ist Art. 6 Abs. 1 lit. b bzw. lit. f DS-GVO.<\/p><hr \/><p><strong>4. Ihre Rechte<\/strong> <br \/>Als betroffene Person stehen Ihnen im Zusammenhang mit der Verarbeitung Ihrer personenbezogenen Daten die folgenden Rechte zu:<\/p><p><strong>4.1 Auskunftsrecht<\/strong> <br \/>(1) Die betroffene Person hat das Recht, von dem Verantwortlichen eine Best\u00e4tigung dar\u00fcber zu verlangen, ob sie betreffende personenbezogene Daten verarbeitet; ist dies der Fall, so hat sie ein Recht auf Auskunft \u00fcber diese personenbezogenen Daten und auf folgende Informationen:<\/p><p>a) die Verarbeitungszwecke;<br \/>b) die Kategorien personenbezogener Daten, die verarbeitet werden;<br \/>c) die Empf\u00e4nger oder Kategorien von Empf\u00e4ngern, gegen\u00fcber denen die personenbezogenen Daten offengelegt worden sind oder noch offengelegt werden, insbesondere bei Empf\u00e4ngern in Drittl\u00e4ndern oder bei internationalen Organisationen;<br \/>d) falls m\u00f6glich, die geplante Dauer, f\u00fcr die die personenbezogenen Daten gespeichert werden, oder, falls dies nicht m\u00f6glich ist, die Kriterien f\u00fcr die Festlegung dieser Dauer;<br \/>e) das Bestehen eines Rechts auf Berichtigung oder L\u00f6schung der sie betreffenden personenbezogenen Daten oder auf Einschr\u00e4nkung der Verarbeitung durch den Verantwortlichen oder eines Widerspruchsrechts gegen diese Verarbeitung;<br \/>f) das Bestehen eines Beschwerderechts bei einer Aufsichtsbeh\u00f6rde;<br \/>g) wenn die personenbezogenen Daten nicht bei der betroffenen Person erhoben werden, alle verf\u00fcgbaren Informationen \u00fcber die Herkunft der Daten;<br \/>h) das Bestehen einer automatisierten Entscheidungsfindung einschlie\u00dflich Profiling gem\u00e4\u00df Art. 22 Abs. 1 und Abs. 4 DS-GVO und \u2013 zumindest in diesen F\u00e4llen \u2013 aussagekr\u00e4ftige Informationen \u00fcber die involvierte Logik sowie die Tragweite und die angestrebten Auswirkungen einer derartigen Verarbeitung f\u00fcr die betroffene Person.<\/p><p>(2) Werden personenbezogene Daten an ein Drittland oder an eine internationale Organisation \u00fcbermittelt, so hat die betroffene Person das Recht, \u00fcber die geeigneten Garantien gem\u00e4\u00df Art. 46 DS-GVO im Zusammenhang mit der \u00dcbermittlung unterrichtet zu werden.<\/p><p><strong>4.2 Recht auf Berichtigung<\/strong> <br \/>Die betroffene Person hat das Recht, von dem Verantwortlichen unverz\u00fcglich die Berichtigung sie betreffender unrichtiger personenbezogener Daten zu verlangen. Unter Ber\u00fccksichtigung der Zwecke der Verarbeitung hat die betroffene Person das Recht, die Vervollst\u00e4ndigung unvollst\u00e4ndiger personenbezogener Daten \u2013 auch mittels einer erg\u00e4nzenden Erkl\u00e4rung \u2013 zu verlangen.<\/p><p><strong>4.3 Recht auf L\u00f6schung<\/strong> <br \/>(1) Die betroffene Person hat das Recht, von dem Verantwortlichen zu verlangen, dass sie betreffende personenbezogene Daten unverz\u00fcglich gel\u00f6scht werden und der Verantwortliche ist verpflichtet, personenbezogene Daten unverz\u00fcglich zu l\u00f6schen, sofern einer der folgenden Gr\u00fcnde zutrifft:<\/p><p>a) Die personenbezogenen Daten sind f\u00fcr die Zwecke, f\u00fcr die sie erhoben oder auf sonstige Weise verarbeitet wurden, nicht mehr notwendig.<br \/>b) Die betroffene Person widerruft ihre Einwilligung, auf die sich die Verarbeitung gem\u00e4\u00df Art. 6 Abs. 1 lit. a) oder Art. 9 Abs. 2 lit. a) DS-GVO st\u00fctzte, und es fehlt an einer anderweitigen Rechtsgrundlage f\u00fcr die Verarbeitung.<br \/>c) Die betroffene Person legt gem\u00e4\u00df Art. 21 Abs. 1 DS-GVO Widerspruch gegen die Verarbeitung ein und es liegen keine vorrangigen berechtigten Gr\u00fcnde f\u00fcr die Verarbeitung vor oder die betroffene Person legt gem\u00e4\u00df Art. 21 Abs. 2 DS-GVO Widerspruch gegen die Verarbeitung ein.<br \/>d) Die personenbezogenen Daten wurden unrechtm\u00e4\u00dfig verarbeitet.<br \/>e) Die L\u00f6schung der personenbezogenen Daten ist zur Erf\u00fcllung einer rechtlichen Verpflichtung nach dem Unionsrecht oder dem Recht der Mitgliedstaaten erforderlich, dem der Verantwortliche unterliegt.<br \/>f) Die personenbezogenen Daten wurden in Bezug auf angebotene Dienste der Informationsgesellschaft gem\u00e4\u00df Art. 8 Abs. 1 DS-GVO erhoben.<\/p><p>(2) Hat der Verantwortliche die personenbezogenen Daten \u00f6ffentlich gemacht und ist er gem\u00e4\u00df Absatz 1 zu deren L\u00f6schung verpflichtet, so trifft er unter Ber\u00fccksichtigung der verf\u00fcgbaren Technologie und der Implementierungskosten angemessene Ma\u00dfnahmen, auch technischer Art, um f\u00fcr die Datenverarbeitung Verantwortliche, die die personenbezogenen Daten verarbeiten, dar\u00fcber zu informieren, dass eine betroffene Person von ihnen die L\u00f6schung aller Links zu diesen personenbezogenen Daten oder von Kopien oder Replikationen dieser personenbezogenen Daten verlangt hat.<\/p><p>(3) Die Abs\u00e4tze 1 und 2 gelten nicht, soweit die Verarbeitung erforderlich ist<br \/>a) zur Aus\u00fcbung des Rechts auf freie Meinungs\u00e4u\u00dferung und Information;<br \/>b) zur Erf\u00fcllung einer rechtlichen Verpflichtung, die die Verarbeitung nach dem Recht der Union oder der Mitgliedstaaten, dem der Verantwortliche unterliegt, erfordert, oder zur Wahrnehmung einer Aufgabe, die im \u00f6ffentlichen Interesse liegt oder in Aus\u00fcbung \u00f6ffentlicher Gewalt erfolgt, die dem Verantwortlichen \u00fcbertragen wurde;<br \/>c) aus Gr\u00fcnden des \u00f6ffentlichen Interesses im Bereich der \u00f6ffentlichen Gesundheit gem\u00e4\u00df Art. 9 Abs. 2 lit. h) und i) sowie Art. 9 Abs. 3 DS-GVO;<br \/>d) f\u00fcr im \u00f6ffentlichen Interesse liegende Archivzwecke, wissenschaftliche oder historische Forschungszwecke oder f\u00fcr statistische Zwecke gem\u00e4\u00df Art. 89 Abs. 1, soweit das in Absatz 1 genannte Recht voraussichtlich die Verwirklichung der Ziele dieser Verarbeitung unm\u00f6glich macht oder ernsthaft beeintr\u00e4chtigt, oder e) zur Geltendmachung, Aus\u00fcbung oder Verteidigung von Rechtsanspr\u00fcchen.<\/p><p><strong>4.4 Recht auf Einschr\u00e4nkung der Verarbeitung<\/strong> <br \/>(1) Die betroffene Person hat das Recht, von dem Verantwortlichen die Einschr\u00e4nkung der Verarbeitung zu verlangen, wenn eine der folgenden Voraussetzungen gegeben ist:<\/p><p>a) die Richtigkeit der personenbezogenen Daten von der betroffenen Person bestritten wird, und zwar f\u00fcr eine Dauer, die es dem Verantwortlichen erm\u00f6glicht, die Richtigkeit der personenbezogenen Daten zu \u00fcberpr\u00fcfen,<br \/>b) die Verarbeitung unrechtm\u00e4\u00dfig ist und die betroffene Person die L\u00f6schung der personenbezogenen Daten ablehnt und stattdessen die Einschr\u00e4nkung der Nutzung der personenbezogenen Daten verlangt;<br \/>c) der Verantwortliche die personenbezogenen Daten f\u00fcr die Zwecke der Verarbeitung nicht l\u00e4nger ben\u00f6tigt, die betroffene Person sie jedoch zur Geltendmachung, Aus\u00fcbung oder Verteidigung von Rechtsanspr\u00fcchen ben\u00f6tigt, oder<br \/>d) die betroffene Person Widerspruch gegen die Verarbeitung gem\u00e4\u00df Art. 21 Abs. 1 DS-GVO eingelegt hat, solange noch nicht feststeht, ob die berechtigten Gr\u00fcnde des Verantwortlichen gegen\u00fcber denen der betroffenen Person \u00fcberwiegen.<\/p><p>(2) Wurde die Verarbeitung gem\u00e4\u00df Absatz 1 eingeschr\u00e4nkt, so d\u00fcrfen diese personenbezogenen Daten \u2013 von ihrer Speicherung abgesehen \u2013 nur mit Einwilligung der betroffenen Person oder zur Geltendmachung, Aus\u00fcbung oder Verteidigung von Rechtsanspr\u00fcchen oder zum Schutz der Rechte einer anderen nat\u00fcrlichen oder juristischen Person oder aus Gr\u00fcnden eines wichtigen \u00f6ffentlichen Interesses der Union oder eines Mitgliedstaats verarbeitet werden.<\/p><p><strong>4.5 Recht auf Daten\u00fcbertragbarkeit<\/strong> <br \/>(1) Die betroffene Person hat das Recht, die sie betreffenden personenbezogenen Daten, die sie einem Verantwortlichen bereitgestellt hat, in einem strukturierten, g\u00e4ngigen und maschinenlesbaren Format zu erhalten, und sie hat das Recht, diese Daten einem anderen Verantwortlichen ohne Behinderung durch den Verantwortlichen, dem die personenbezogenen Daten bereitgestellt wurden, zu \u00fcbermitteln, sofern<br \/>a) die Verarbeitung auf einer Einwilligung gem\u00e4\u00df Art. 6 Abs. 1 lit. a) oder Art. 9 Abs. 2 lit. a) DSGVO oder auf einem Vertrag gem\u00e4\u00df Art. 6 Abs. 1 lit. b) DS-GVO beruht und<br \/>b) die Verarbeitung mithilfe automatisierter Verfahren erfolgt.<\/p><p>(2) Bei der Aus\u00fcbung ihres Rechts auf Daten\u00fcbertragbarkeit gem\u00e4\u00df Absatz 1 hat die betroffene Person das Recht, zu erwirken, dass die personenbezogenen Daten direkt von einem Verantwortlichen einem anderen Verantwortlichen \u00fcbermittelt werden, soweit dies technisch machbar ist. Das Recht gem\u00e4\u00df Absatz 1 darf die Rechte und Freiheiten anderer Personen nicht beeintr\u00e4chtigen. Dieses Recht gilt nicht f\u00fcr eine Verarbeitung, die f\u00fcr die Wahrnehmung einer Aufgabe erforderlich ist, die im \u00f6ffentlichen Interesse liegt oder in Aus\u00fcbung \u00f6ffentlicher Gewalt erfolgt, die dem Verantwortlichen \u00fcbertragen wurde.<\/p><p><strong>4.6 Widerspruchsrecht<\/strong> <br \/>Die betroffene Person hat das Recht, aus Gr\u00fcnden, die sich aus ihrer besonderen Situation ergeben, jederzeit gegen die Verarbeitung sie betreffender personenbezogener Daten, die aufgrund von Art. 6 Abs. 1 lit. e) oder f) DS-GVO erfolgt, Widerspruch einzulegen; dies gilt auch f\u00fcr ein auf diese Bestimmungen gest\u00fctztes Profiling. Der Verantwortliche verarbeitet die personenbezogenen Daten nicht mehr, es sei denn, er kann zwingende schutzw\u00fcrdige Gr\u00fcnde f\u00fcr die Verarbeitung nachweisen, die die Interessen, Rechte und Freiheiten der betroffenen Person \u00fcberwiegen, oder die Verarbeitung dient der Geltendmachung, Aus\u00fcbung oder Verteidigung von Rechtsanspr\u00fcchen. Im Zusammenhang mit der Nutzung von Diensten der Informationsgesellschaft kann die betroffene Person ungeachtet der Richtlinie 2002\/58\/EG ihr Widerspruchsrecht mittels automatisierter Verfahren aus\u00fcben, bei denen technische Spezifikationen verwendet werden.<\/p><p><strong>4.7 Widerrufsrecht<\/strong> <br \/>Die betroffene Person hat das Recht, ihre datenschutzrechtliche Einwilligungserkl\u00e4rung jederzeit zu widerrufen. Durch den Widerruf der Einwilligung wird die Rechtm\u00e4\u00dfigkeit der aufgrund der Einwilligung bis zum Widerruf erfolgten Verarbeitung nicht ber\u00fchrt.<\/p><p><strong>4.8 Recht auf Beschwerde bei einer Aufsichtsbeh\u00f6rde<\/strong> <br \/>Jede betroffene Person hat unbeschadet eines anderweitigen verwaltungsrechtlichen oder gerichtlichen Rechtsbehelfs das Recht auf Beschwerde bei einer Aufsichtsbeh\u00f6rde, insbesondere in dem Mitgliedstaat ihres Aufenthaltsorts, ihres Arbeitsplatzes oder des Orts des mutma\u00dflichen Versto\u00dfes, wenn die betroffene Person der Ansicht ist, dass die Verarbeitung der sie betreffenden personenbezogenen Daten gegen diese Verordnung verst\u00f6\u00dft.<\/p>\t\t\t\t\t\t\t\t<\/div>\n\t\t\t\t<\/div>\n\t\t\t\t\t<\/div>\n\t\t<\/div>\n\t\t\t\t\t<\/div>\n\t\t<\/section>\n\t\t\t\t<\/div>\n\t\t","protected":false},"excerpt":{"rendered":"<p>Datenschutzerkl\u00e4rung Verantwortlicher im Sinne der Datenschutz-Grundverordnung ist die Milch mit Honig UG Gesetzlicher Vertreter: Herr Cem \u00d6zkanAdresse: Treppenstra\u00dfe 20 in 33647 BielefeldE-Mail-Adresse: eis@milkmithoney.deTel.: +49 521 1234567 Mit diesen Datenschutzhinweisen informieren wir Sie (im nachfolgenden Text auch als \u201eNutzer\u201c oder \u201ebetroffene Person\u201c angesprochen) \u00fcber unsere Datenverarbeitung im Allgemeinen, im Rahmen eines Aufrufs unserer Website und bei [&hellip;]<\/p>\n","protected":false},"author":1,"featured_media":0,"parent":0,"menu_order":0,"comment_status":"closed","ping_status":"closed","template":"","meta":{"footnotes":""},"class_list":["post-7055","page","type-page","status-publish","hentry"],"_links":{"self":[{"href":"https:\/\/www.milkmithoney.de\/index.php\/wp-json\/wp\/v2\/pages\/7055","targetHints":{"allow":["GET"]}}],"collection":[{"href":"https:\/\/www.milkmithoney.de\/index.php\/wp-json\/wp\/v2\/pages"}],"about":[{"href":"https:\/\/www.milkmithoney.de\/index.php\/wp-json\/wp\/v2\/types\/page"}],"author":[{"embeddable":true,"href":"https:\/\/www.milkmithoney.de\/index.php\/wp-json\/wp\/v2\/users\/1"}],"replies":[{"embeddable":true,"href":"https:\/\/www.milkmithoney.de\/index.php\/wp-json\/wp\/v2\/comments?post=7055"}],"version-history":[{"count":10,"href":"https:\/\/www.milkmithoney.de\/index.php\/wp-json\/wp\/v2\/pages\/7055\/revisions"}],"predecessor-version":[{"id":7083,"href":"https:\/\/www.milkmithoney.de\/index.php\/wp-json\/wp\/v2\/pages\/7055\/revisions\/7083"}],"wp:attachment":[{"href":"https:\/\/www.milkmithoney.de\/index.php\/wp-json\/wp\/v2\/media?parent=7055"}],"curies":[{"name":"wp","href":"https:\/\/api.w.org\/{rel}","templated":true}]}}